{"id":3,"date":"2025-01-24T01:50:31","date_gmt":"2025-01-24T04:50:31","guid":{"rendered":"https:\/\/euro.artereciclada.com.br\/?page_id=3"},"modified":"2025-02-05T14:22:18","modified_gmt":"2025-02-05T20:22:18","slug":"privacy-policy","status":"publish","type":"page","link":"https:\/\/euro.artereciclada.com.br\/de\/privacy-policy\/","title":{"rendered":"Datenschutzbestimmungen"},"content":{"rendered":"<p>Willkommen bei Euro Art! Diese Datenschutzrichtlinie beschreibt, wie Euro Art (\"wir\", \"unser\" oder \"uns\") die pers\u00f6nlichen Daten von Nutzern (\"Sie\" oder \"Ihr\"), die auf die Website zugreifen und sie nutzen, sammelt, verwendet, speichert und sch\u00fctzt <a href=\"https:\/\/euro.artereciclada.com.br\/de\/\" data-type=\"link\" data-id=\"www.euro.artereciclada.com.br\">www.euro.artereciclada.com.br<\/a> (im Folgenden als \"Website\" bezeichnet). Wir verpflichten uns, Ihre Privatsph\u00e4re zu sch\u00fctzen und die Sicherheit Ihrer pers\u00f6nlichen Daten in \u00dcbereinstimmung mit dem Allgemeinen Datenschutzgesetz (LGPD - Gesetz Nr. 13.709\/2018) zu gew\u00e4hrleisten.<\/p>\n\n\n\n<h3 class=\"wp-block-heading\">1. Einleitung<\/h3>\n\n\n\n<p>Ihre Privatsph\u00e4re und der Schutz Ihrer pers\u00f6nlichen Daten sind f\u00fcr uns von gr\u00f6\u00dfter Bedeutung. In dieser Datenschutzrichtlinie wird erl\u00e4utert, wie wir Ihre Daten bei der Nutzung unserer Website erfassen, verwenden, weitergeben und sch\u00fctzen. Indem Sie auf unsere Website zugreifen oder sie nutzen, erkl\u00e4ren Sie sich mit der Erfassung und Nutzung von Informationen in \u00dcbereinstimmung mit dieser Richtlinie einverstanden.<\/p>\n\n\n\n<h3 class=\"wp-block-heading\">2. Datenerhebung<\/h3>\n\n\n\n<h4 class=\"wp-block-heading\">2.1 Von uns gesammelte Informationen<\/h4>\n\n\n\n<p>Wir sammeln verschiedene Arten von Informationen, um unsere Dienstleistungen f\u00fcr Sie bereitzustellen und zu verbessern:<\/p>\n\n\n\n<ul class=\"wp-block-list\">\n<li><strong>Pers\u00f6nliche Informationen:<\/strong> Name, E-Mail-Adresse, Telefonnummer und andere Informationen, die Sie bei der Registrierung, beim Kauf oder bei der Kontaktaufnahme mit uns freiwillig angeben.<\/li>\n\n\n\n<li><strong>Verwendungsdaten:<\/strong> Informationen dar\u00fcber, wie Sie auf die Website zugreifen und diese nutzen, einschlie\u00dflich IP-Adresse, Browsertyp, besuchte Seiten, Verweildauer auf den Seiten und andere Leistungskennzahlen.<\/li>\n\n\n\n<li><strong>Cookies und \u00e4hnliche Technologien:<\/strong> Wir verwenden Cookies und andere Tracking-Technologien, um Informationen \u00fcber Ihre Browsing-Aktivit\u00e4ten auf der Website zu sammeln.<\/li>\n<\/ul>\n\n\n\n<h4 class=\"wp-block-heading\">2.2 Methoden der Erhebung<\/h4>\n\n\n\n<ul class=\"wp-block-list\">\n<li><strong>Direkt von Ihnen:<\/strong> Wir sammeln Informationen, die Sie uns direkt zur Verf\u00fcgung stellen, indem Sie Formulare ausf\u00fcllen, Newsletter abonnieren, Eink\u00e4ufe t\u00e4tigen oder auf andere Weise mit uns interagieren.<\/li>\n\n\n\n<li><strong>Automatisch:<\/strong> Wir verwenden Technologien wie Cookies, Webbeacons und Serverprotokolle, um automatisch Informationen zu sammeln, wenn Sie die Website besuchen.<\/li>\n<\/ul>\n\n\n\n<h3 class=\"wp-block-heading\">3. Verwendung der Daten<\/h3>\n\n\n\n<p>Wir verwenden die gesammelten Informationen f\u00fcr die folgenden Zwecke:<\/p>\n\n\n\n<ul class=\"wp-block-list\">\n<li><strong>Bereitstellung und Verbesserung von Dienstleistungen:<\/strong> Um die Website zu betreiben, zu pflegen und zu verbessern, Ihre Erfahrungen zu personalisieren und Ihre Anfragen zu beantworten.<\/li>\n\n\n\n<li><strong>Kommunikation:<\/strong> Zum Versenden von Aktualisierungen, Werbeaktionen, Newslettern und anderen Mitteilungen im Zusammenhang mit der Website und unseren Diensten, sofern Sie zuvor Ihre Zustimmung erteilt haben.<\/li>\n\n\n\n<li><strong>Marketing:<\/strong> Um Trends zu analysieren, die Website zu verwalten und demografische Daten f\u00fcr den internen Gebrauch zu sammeln.<\/li>\n\n\n\n<li><strong>Sicherheit:<\/strong> Zum Schutz vor Betrug, Missbrauch und anderen illegalen oder sch\u00e4dlichen Aktivit\u00e4ten.<\/li>\n<\/ul>\n\n\n\n<h3 class=\"wp-block-heading\">4. Gemeinsame Nutzung von Daten<\/h3>\n\n\n\n<h4 class=\"wp-block-heading\">4.1 Vertrauensw\u00fcrdige Drittparteien<\/h4>\n\n\n\n<p>Wir k\u00f6nnen Ihre Daten an vertrauensw\u00fcrdige Dritte weitergeben, die uns beim Betrieb der Website und bei der Bereitstellung von Dienstleistungen unterst\u00fctzen, vorausgesetzt, diese Dritten verpflichten sich, die Daten vertraulich zu behandeln und sie nur f\u00fcr die von uns genehmigten Zwecke zu verwenden.<\/p>\n\n\n\n<h4 class=\"wp-block-heading\">4.2 Rechtliche Verpflichtungen<\/h4>\n\n\n\n<p>Wir k\u00f6nnen Ihre pers\u00f6nlichen Daten offenlegen, wenn dies gesetzlich vorgeschrieben ist oder um unsere Rechte, unser Eigentum oder unsere Sicherheit sowie die unserer Nutzer und anderer zu sch\u00fctzen.<\/p>\n\n\n\n<h4 class=\"wp-block-heading\">4.3 Internationale \u00dcberweisungen<\/h4>\n\n\n\n<p>Ihre Daten k\u00f6nnen an Server au\u00dferhalb Brasiliens \u00fcbertragen und dort gespeichert werden. Wir stellen sicher, dass solche \u00dcbertragungen in \u00dcbereinstimmung mit der LGPD durchgef\u00fchrt werden, um ein angemessenes Datenschutzniveau zu gew\u00e4hrleisten.<\/p>\n\n\n\n<h3 class=\"wp-block-heading\">5. Datensicherheit<\/h3>\n\n\n\n<p>Wir ergreifen angemessene technische und organisatorische Sicherheitsma\u00dfnahmen, um Ihre pers\u00f6nlichen Daten vor unbefugtem Zugriff, Ver\u00e4nderung, Offenlegung oder Zerst\u00f6rung zu sch\u00fctzen. Allerdings ist keine Daten\u00fcbertragung \u00fcber das Internet oder elektronische Speichermethode 100% sicher. Daher k\u00f6nnen wir die absolute Sicherheit Ihrer Daten nicht garantieren.<\/p>\n\n\n\n<h3 class=\"wp-block-heading\">6. Nutzerrechte gem\u00e4\u00df LGPD<\/h3>\n\n\n\n<p>Nach der LGPD haben Sie folgende Rechte in Bezug auf Ihre pers\u00f6nlichen Daten:<\/p>\n\n\n\n<ul class=\"wp-block-list\">\n<li><strong>Zugang:<\/strong> Das Recht, Zugang zu den von uns gespeicherten personenbezogenen Daten zu verlangen.<\/li>\n\n\n\n<li><strong>Berichtigung:<\/strong> Das Recht, die Berichtigung unvollst\u00e4ndiger, ungenauer oder veralteter Daten zu verlangen.<\/li>\n\n\n\n<li><strong>L\u00f6schung:<\/strong> Sie haben das Recht, die L\u00f6schung Ihrer personenbezogenen Daten zu verlangen, sofern keine gesetzliche Verpflichtung zur Aufbewahrung der Daten besteht.<\/li>\n\n\n\n<li><strong>Tragbarkeit:<\/strong> Das Recht, die \u00dcbermittlung Ihrer personenbezogenen Daten an einen anderen Dienstleistungs- oder Produktanbieter zu verlangen.<\/li>\n\n\n\n<li><strong>Widerruf der Zustimmung:<\/strong> das Recht, eine zuvor erteilte Einwilligung in die Verarbeitung Ihrer personenbezogenen Daten zu widerrufen.<\/li>\n<\/ul>\n\n\n\n<p>Wenn Sie eines dieser Rechte aus\u00fcben m\u00f6chten, kontaktieren Sie uns bitte unter <a><a href=\"https:\/\/euro.artereciclada.com.br\/de\/\" data-type=\"link\" data-id=\"www.euro.artereciclada.com.br\">contato@artereciclada.com.br<\/a><\/a>.<\/p>\n\n\n\n<h3 class=\"wp-block-heading\">7. Cookie-Richtlinie<\/h3>\n\n\n\n<h4 class=\"wp-block-heading\">7.1 Was sind Cookies?<\/h4>\n\n\n\n<p>Cookies sind kleine Textdateien, die auf Ihrem Ger\u00e4t gespeichert werden, wenn Sie eine Website besuchen. Sie werden h\u00e4ufig verwendet, um Websites effizienter zu gestalten und den Website-Betreibern Informationen zur Verf\u00fcgung zu stellen.<\/p>\n\n\n\n<h4 class=\"wp-block-heading\">7.2 Arten der verwendeten Cookies<\/h4>\n\n\n\n<p>Wir verwenden verschiedene Arten von Cookies f\u00fcr unterschiedliche Zwecke:<\/p>\n\n\n\n<ul class=\"wp-block-list\">\n<li><strong>Wesentliche Cookies:<\/strong> Erforderlich f\u00fcr das grundlegende Funktionieren der Website. Diese Cookies erm\u00f6glichen die Navigation auf der Website und die Nutzung ihrer Funktionen, z. B. den Zugang zu gesch\u00fctzten Bereichen. Ohne diese Cookies k\u00f6nnen einige der auf der Website angebotenen Dienste nicht bereitgestellt werden.<\/li>\n\n\n\n<li><strong>Leistungs-Cookies:<\/strong> Informationen dar\u00fcber zu sammeln, wie Sie die Website nutzen, z. B. welche Seiten Sie am h\u00e4ufigsten besuchen und ob Sie Fehlermeldungen von Webseiten erhalten. Diese Cookies sammeln keine Informationen, die einen Besucher identifizieren. Alle von diesen Cookies gesammelten Informationen sind aggregiert und daher anonym. Sie werden ausschlie\u00dflich dazu verwendet, das Funktionieren der Website zu verbessern.<\/li>\n\n\n\n<li><strong>Funktionalit\u00e4t Cookies:<\/strong> Erm\u00f6glicht es der Website, sich an die von Ihnen getroffenen Entscheidungen zu erinnern (z. B. an Ihren Benutzernamen, Ihre Sprache oder die Region, in der Sie sich befinden) und verbesserte und pers\u00f6nlichere Funktionen anzubieten. Diese Informationen k\u00f6nnen verwendet werden, um Ihre Pr\u00e4ferenzen f\u00fcr zuk\u00fcnftige Besuche auf der Website zu speichern.<\/li>\n\n\n\n<li><strong>Werbe-Cookies:<\/strong> Sie werden verwendet, um Werbung zu liefern, die f\u00fcr Sie und Ihre Interessen relevanter ist. Sie werden auch verwendet, um die Anzahl der Anzeigen zu begrenzen, die Sie sehen, und um die Wirksamkeit von Werbekampagnen zu messen.<\/li>\n<\/ul>\n\n\n\n<h4 class=\"wp-block-heading\">7.3 Wie wir Cookies verwenden<\/h4>\n\n\n\n<p>Wir verwenden Cookies f\u00fcr die folgenden Zwecke:<\/p>\n\n\n\n<ul class=\"wp-block-list\">\n<li><strong>Authentifizierung und Sicherheit:<\/strong> Um Ihnen einen sicheren Zugang zur Website und ihren Funktionen zu erm\u00f6glichen.<\/li>\n\n\n\n<li><strong>Analyse und Verbesserung:<\/strong> Um zu verstehen, wie die Nutzer mit der Website interagieren, um ihre Benutzerfreundlichkeit und ihren Inhalt zu verbessern.<\/li>\n\n\n\n<li><strong>Personalisierung:<\/strong> Zur Anpassung von Inhalten und Angeboten an Ihre Vorlieben und Ihr Surfverhalten.<\/li>\n\n\n\n<li><strong>Werbung:<\/strong> Zur Anzeige relevanter und personalisierter Werbung und zur Messung der Wirksamkeit von Werbekampagnen.<\/li>\n<\/ul>\n\n\n\n<h4 class=\"wp-block-heading\">7.4 Verwaltung von Cookies<\/h4>\n\n\n\n<p>Sie k\u00f6nnen die Verwendung von Cookies \u00fcber Ihre Browsereinstellungen verwalten und kontrollieren. Die meisten Browser erm\u00f6glichen es Ihnen, Cookies abzulehnen oder zu akzeptieren, Cookies von Dritten zu blockieren oder bereits gespeicherte Cookies zu l\u00f6schen. Die Deaktivierung wichtiger Cookies kann jedoch die Funktionalit\u00e4t der Website beeintr\u00e4chtigen und Ihr Surferlebnis einschr\u00e4nken.<\/p>\n\n\n\n<p>Weitere Informationen \u00fcber die Verwaltung von Cookies finden Sie unter <a href=\"https:\/\/www.aboutcookies.org\" target=\"_blank\" rel=\"noopener\">www.aboutcookies.org<\/a> oder <a href=\"https:\/\/www.allaboutcookies.org\" target=\"_blank\" rel=\"noopener\">www.allaboutcookies.org<\/a>.<\/p>\n\n\n\n<h3 class=\"wp-block-heading\">8. Dienstleistungen von Drittanbietern<\/h3>\n\n\n\n<p>Wir k\u00f6nnen Dienstleistungen Dritter in Anspruch nehmen, um zus\u00e4tzliche Funktionen f\u00fcr die Website bereitzustellen, z. B. Zahlungsabwicklung, Datenanalyse und Hosting von Inhalten. Diese Drittparteien haben nur dann Zugang zu Ihren pers\u00f6nlichen Daten, wenn sie diese Aufgaben in unserem Auftrag ausf\u00fchren, und sind verpflichtet, diese Daten in \u00dcbereinstimmung mit dieser Datenschutzrichtlinie und der LGPD zu sch\u00fctzen.<\/p>\n\n\n\n<h3 class=\"wp-block-heading\">9. Privatsph\u00e4re der Kinder<\/h3>\n\n\n\n<p>Unsere Website ist nicht f\u00fcr Kinder unter 18 Jahren bestimmt. Wir sammeln nicht wissentlich personenbezogene Daten von Kindern. Sollten wir feststellen, dass wir versehentlich personenbezogene Daten von einem Kind erfasst haben, werden wir Ma\u00dfnahmen ergreifen, um diese Daten unverz\u00fcglich zu l\u00f6schen.<\/p>\n\n\n\n<h3 class=\"wp-block-heading\">10. \u00c4nderungen der Datenschutzrichtlinie<\/h3>\n\n\n\n<p>Wir k\u00f6nnen unsere Datenschutzrichtlinie von Zeit zu Zeit aktualisieren. Wir werden Sie \u00fcber alle \u00c4nderungen informieren, indem wir die neue Datenschutzrichtlinie auf der Website ver\u00f6ffentlichen. Wir empfehlen Ihnen, diese Datenschutzrichtlinie regelm\u00e4\u00dfig zu lesen, um dar\u00fcber informiert zu bleiben, wie wir Ihre Daten sch\u00fctzen.<\/p>\n\n\n\n<h3 class=\"wp-block-heading\">11. Kontakt<\/h3>\n\n\n\n<p>Wenn Sie Fragen zu dieser Datenschutzerkl\u00e4rung haben, kontaktieren Sie uns bitte unter <a><a href=\"https:\/\/euro.artereciclada.com.br\/de\/\" data-type=\"link\" data-id=\"www.euro.artereciclada.com.br\">contato@artereciclada.com.br<\/a><\/a>.<\/p>\n\n\n\n<p><strong>Zuletzt aktualisiert:<\/strong> 19. November 2024<\/p>\n\n\n\n<p><\/p>","protected":false},"excerpt":{"rendered":"<p>Welcome to Euro Art! This Privacy Policy describes how Euro Art (&#8220;we&#8221;, &#8220;our&#8221;, or &#8220;us&#8221;) collects, uses, stores, and protects the personal information of users (&#8220;you&#8221; or &#8220;your&#8221;) who access and use the website www.euro.artereciclada.com.br (hereinafter referred to as the &#8220;Site&#8221;). We are committed to protecting your privacy and ensuring the security of your personal [&hellip;]<\/p>","protected":false},"author":1,"featured_media":0,"parent":0,"menu_order":0,"comment_status":"closed","ping_status":"open","template":"","meta":{"footnotes":""},"class_list":["post-3","page","type-page","status-publish","hentry"],"blocksy_meta":[],"_links":{"self":[{"href":"https:\/\/euro.artereciclada.com.br\/de\/wp-json\/wp\/v2\/pages\/3","targetHints":{"allow":["GET"]}}],"collection":[{"href":"https:\/\/euro.artereciclada.com.br\/de\/wp-json\/wp\/v2\/pages"}],"about":[{"href":"https:\/\/euro.artereciclada.com.br\/de\/wp-json\/wp\/v2\/types\/page"}],"author":[{"embeddable":true,"href":"https:\/\/euro.artereciclada.com.br\/de\/wp-json\/wp\/v2\/users\/1"}],"replies":[{"embeddable":true,"href":"https:\/\/euro.artereciclada.com.br\/de\/wp-json\/wp\/v2\/comments?post=3"}],"version-history":[{"count":1,"href":"https:\/\/euro.artereciclada.com.br\/de\/wp-json\/wp\/v2\/pages\/3\/revisions"}],"predecessor-version":[{"id":27,"href":"https:\/\/euro.artereciclada.com.br\/de\/wp-json\/wp\/v2\/pages\/3\/revisions\/27"}],"wp:attachment":[{"href":"https:\/\/euro.artereciclada.com.br\/de\/wp-json\/wp\/v2\/media?parent=3"}],"curies":[{"name":"wp","href":"https:\/\/api.w.org\/{rel}","templated":true}]}}