{"id":30,"date":"2025-01-31T08:02:13","date_gmt":"2025-01-31T14:02:13","guid":{"rendered":"https:\/\/euro.artereciclada.com.br\/?page_id=30"},"modified":"2025-01-31T08:02:14","modified_gmt":"2025-01-31T14:02:14","slug":"cookie-policy","status":"publish","type":"page","link":"https:\/\/euro.artereciclada.com.br\/de\/cookie-policy\/","title":{"rendered":"Cookie-Richtlinie"},"content":{"rendered":"<div class=\"cookie-policy\">\n    \n    <p>Willkommen bei <strong>Euro Art<\/strong>! Diese Cookie-Richtlinie beschreibt, wie <strong>Euro Art<\/strong> (\"wir\", \"unser\" oder \"uns\") verwendet Cookies und \u00e4hnliche Technologien auf der Website <a href=\"https:\/\/euro.artereciclada.com.br\/de\/\">euro.artereciclada.com.br<\/a> (im Folgenden als \"Website\" bezeichnet). Wir verpflichten uns, Ihre Privatsph\u00e4re zu sch\u00fctzen und Transparenz \u00fcber die Verwendung von Cookies zu gew\u00e4hrleisten, in \u00dcbereinstimmung mit dem Allgemeinen Datenschutzgesetz (LGPD - Gesetz Nr. 13.709\/2018).<\/p>\n    \n    <h2>1. Was sind Cookies<\/h2>\n    <p>Cookies sind kleine Textdateien, die auf Ihrem Ger\u00e4t (Computer, Tablet, Smartphone) gespeichert werden, wenn Sie eine Website besuchen. Sie werden h\u00e4ufig verwendet, um Websites effizienter zu machen und um den Website-Besitzern Informationen zu liefern.<\/p>\n    \n    <h2>2. Wie wir Cookies verwenden<\/h2>\n    <p>Wir verwenden Cookies f\u00fcr verschiedene Zwecke, darunter:<\/p>\n    <ul>\n        <li><strong>Authentifizierung und Sicherheit<\/strong>: Gew\u00e4hrleistung eines sicheren Zugangs zur Website und ihren Funktionen.<\/li>\n        <li><strong>Analyse und Verbesserung<\/strong>: Verstehen, wie die Nutzer mit der Website interagieren, um ihre Benutzerfreundlichkeit und ihren Inhalt zu verbessern.<\/li>\n        <li><strong>Personalisierung<\/strong>: Anpassung von Inhalten und Angeboten an Ihre Vorlieben und Ihr Surfverhalten.<\/li>\n        <li><strong>Werbung<\/strong>: Anzeige von relevanter und personalisierter Werbung sowie Messung der Wirksamkeit von Werbekampagnen.<\/li>\n    <\/ul>\n    \n    <h2>3. Arten der verwendeten Cookies<\/h2>\n    \n    <h3>3.1 Wesentliche Cookies<\/h3>\n    <p>Diese Cookies sind f\u00fcr das grundlegende Funktionieren der Website erforderlich. Sie erm\u00f6glichen es Ihnen, auf der Website zu navigieren und ihre Funktionen zu nutzen, z. B. den Zugang zu gesch\u00fctzten Bereichen. Ohne diese Cookies k\u00f6nnen einige der auf der Website angebotenen Dienste nicht bereitgestellt werden.<\/p>\n    <strong>Beispiele f\u00fcr die Verwendung:<\/strong>\n    <ul>\n        <li>Halten Sie Ihre Anmeldesitzung aktiv.<\/li>\n        <li>Erinnern Sie sich an Ihre Sprachpr\u00e4ferenzen.<\/li>\n    <\/ul>\n    \n    <h3>3.2 Leistungsbezogene Cookies<\/h3>\n    <p>Leistungs-Cookies sammeln Informationen dar\u00fcber, wie Sie die Website nutzen, z. B. welche Seiten Sie am h\u00e4ufigsten besuchen und ob Sie Fehlermeldungen von Webseiten erhalten. Diese Cookies sammeln keine Informationen, die einen Besucher identifizieren. Alle von diesen Cookies gesammelten Informationen sind aggregiert und daher anonym. Sie werden ausschlie\u00dflich dazu verwendet, das Funktionieren der Website zu verbessern.<\/p>\n    <strong>Beispiele f\u00fcr die Verwendung:<\/strong>\n    <ul>\n        <li>Analyse des Website-Verkehrs.<\/li>\n        <li>Identifizierung von verbesserungsbed\u00fcrftigen Bereichen der Website.<\/li>\n    <\/ul>\n    \n    <h3>3.3 Funktionalit\u00e4t Cookies<\/h3>\n    <p>Diese Cookies erm\u00f6glichen es der Website, sich an die von Ihnen getroffenen Entscheidungen zu erinnern (z. B. an Ihren Benutzernamen, Ihre Sprache oder die Region, in der Sie sich befinden) und verbesserte und pers\u00f6nlichere Funktionen anzubieten. Diese Informationen k\u00f6nnen verwendet werden, um Ihre Pr\u00e4ferenzen f\u00fcr zuk\u00fcnftige Besuche auf der Website zu speichern.<\/p>\n    <strong>Beispiele f\u00fcr die Verwendung:<\/strong>\n    <ul>\n        <li>Speichern Sie Ihre Sehgewohnheiten.<\/li>\n        <li>Personalisierung der angezeigten Inhalte auf der Grundlage Ihrer vorherigen Auswahl.<\/li>\n    <\/ul>\n    \n    <h3>3.4 Werbe-Cookies<\/h3>\n    <p>Werbe-Cookies werden verwendet, um Werbung zu liefern, die f\u00fcr Sie und Ihre Interessen relevanter ist. Sie werden auch verwendet, um die Anzahl der Anzeigen zu begrenzen, die Sie sehen, und um die Wirksamkeit von Werbekampagnen zu messen.<\/p>\n    <strong>Beispiele f\u00fcr die Verwendung:<\/strong>\n    <ul>\n        <li>Anzeige von Werbung auf der Grundlage Ihrer Interessen.<\/li>\n        <li>Steuerung der H\u00e4ufigkeit, mit der Ihnen eine bestimmte Anzeige gezeigt wird.<\/li>\n    <\/ul>\n    \n    <h2>4. Wie wir Cookies verwenden<\/h2>\n    <ul>\n        <li><strong>Authentifizierung und Sicherheit<\/strong>: Gew\u00e4hrleistung eines sicheren Zugangs zur Website und ihren Funktionen.<\/li>\n        <li><strong>Analyse und Verbesserung<\/strong>: Verstehen, wie die Nutzer mit der Website interagieren, um ihre Benutzerfreundlichkeit und ihren Inhalt zu verbessern.<\/li>\n        <li><strong>Personalisierung<\/strong>: Anpassung von Inhalten und Angeboten an Ihre Vorlieben und Ihr Surfverhalten.<\/li>\n        <li><strong>Werbung<\/strong>: Anzeige von relevanter und personalisierter Werbung sowie Messung der Wirksamkeit von Werbekampagnen.<\/li>\n    <\/ul>\n    \n    <h2>5. Verwaltung von Cookies<\/h2>\n    <p>Die Nutzer haben die M\u00f6glichkeit, Cookies von jeder Website, einschlie\u00dflich der unseren, jederzeit zu blockieren oder zu deaktivieren, indem sie die Einstellungen ihres Internetbrowsers anpassen.<\/p>\n    \n    <h3>5.1 Wie man Cookies blockiert<\/h3>\n    <p>Hier sind die Links zu den Hilfsanleitungen der wichtigsten Browser, die Ihnen bei diesem Vorgang helfen k\u00f6nnen:<\/p>\n    <ul>\n        <li><strong><a href=\"https:\/\/support.microsoft.com\/en-us\/microsoft-edge\/delete-cookies-in-microsoft-edge-63947406-40ac-c3b8-57b9-2a946a29ae09\" target=\"_blank\" rel=\"noopener\">Microsoft Edge<\/a><\/strong><\/li>\n        <li><strong><a href=\"https:\/\/support.mozilla.org\/en-US\/kb\/enable-and-disable-cookies-website-preferences\" target=\"_blank\" rel=\"noopener\">Mozilla Firefox<\/a><\/strong><\/li>\n        <li><strong><a href=\"https:\/\/support.google.com\/chrome\/answer\/95647?hl=en\" target=\"_blank\" rel=\"noopener\">Google Chrome<\/a><\/strong><\/li>\n        <li><strong><a href=\"https:\/\/help.opera.com\/en\/latest\/web-preferences\/#cookies\" target=\"_blank\" rel=\"noopener\">Oper<\/a><\/strong><\/li>\n        <li><strong><a href=\"https:\/\/support.apple.com\/guide\/safari\/manage-cookies-and-website-data-sfri11471\/mac\" target=\"_blank\" rel=\"noopener\">Safari<\/a><\/strong><\/li>\n    <\/ul>\n    \n    <h3>5.2 Personalisierte Werbung deaktivieren<\/h3>\n    <p>Wenn Sie die von Google bereitgestellten personalisierten Anzeigen deaktivieren m\u00f6chten, k\u00f6nnen Sie Ihre Einstellungen in der <a href=\"https:\/\/adssettings.google.com\/authenticated\" target=\"_blank\" rel=\"noopener\">Google Ads-Einstellungen<\/a>.<\/p>\n    <p>Um personalisierte Werbung von Drittanbietern zu deaktivieren, besuchen Sie <a href=\"https:\/\/www.aboutads.info\" target=\"_blank\" rel=\"noopener\">www.aboutads.info<\/a>Dort finden Sie eine Anleitung, wie Sie Ihre Anzeigenpr\u00e4ferenzen auf verschiedenen Plattformen verwalten k\u00f6nnen.<\/p>\n    \n    <strong>Schritte zur Deaktivierung personalisierter Anzeigen:<\/strong>\n    <ol>\n        <li><strong>Auf Google:<\/strong>\n            <ul>\n                <li>Gehe zu <a href=\"https:\/\/adssettings.google.com\/authenticated\" target=\"_blank\" rel=\"noopener\">Google Ads-Einstellungen<\/a>.<\/li>\n                <li>Deaktivieren Sie die Option \"Anzeigenpersonalisierung\".<\/li>\n            <\/ul>\n        <\/li>\n        <li><strong>Mit Drittparteien:<\/strong>\n            <ul>\n                <li>Besuchen Sie <a href=\"https:\/\/www.aboutads.info\" target=\"_blank\" rel=\"noopener\">www.aboutads.info<\/a>.<\/li>\n                <li>Befolgen Sie die Anweisungen, um Ihre Anzeigeneinstellungen f\u00fcr verschiedene Plattformen und Ger\u00e4te zu verwalten.<\/li>\n            <\/ul>\n        <\/li>\n    <\/ol>\n    \n    <h2>6. Zustimmung<\/h2>\n    <p>Durch die Nutzung unserer Website erkl\u00e4ren Sie sich mit der Verwendung von Cookies, wie in dieser Cookie-Richtlinie beschrieben, einverstanden. Wenn Sie mit der Verwendung bestimmter Arten von Cookies nicht einverstanden sind, k\u00f6nnen Sie Ihre Cookie-Einstellungen gem\u00e4\u00df den oben genannten Anweisungen anpassen. Bitte beachten Sie jedoch, dass die Deaktivierung einiger Cookies Ihre Erfahrung auf der Website beeintr\u00e4chtigen und den Zugang zu bestimmten Funktionen einschr\u00e4nken kann.<\/p>\n    \n    <h2>7. Aktualisierungen der Cookie-Richtlinie<\/h2>\n    <p>Wir k\u00f6nnen diese Cookie-Richtlinie von Zeit zu Zeit aktualisieren, um \u00c4nderungen in unseren Praktiken oder aus rechtlichen Gr\u00fcnden zu ber\u00fccksichtigen. Wenn wir \u00c4nderungen vornehmen, aktualisieren wir das Datum \"Letzte Aktualisierung\" am Ende dieser Richtlinie und ver\u00f6ffentlichen die \u00fcberarbeitete Version auf der Website. Wir empfehlen Ihnen, diese Cookie-Richtlinie regelm\u00e4\u00dfig zu lesen, um sich \u00fcber die Verwendung von Cookies durch uns zu informieren.<\/p>\n    \n    <h2>8. Dienstleistungen von Drittanbietern<\/h2>\n    <p>Wir k\u00f6nnen Dienstleistungen Dritter in Anspruch nehmen, um zus\u00e4tzliche Funktionen f\u00fcr die Website bereitzustellen, z. B. Zahlungsabwicklung, Datenanalyse und Hosting von Inhalten. Diese Drittparteien haben nur dann Zugang zu Ihren pers\u00f6nlichen Daten, wenn sie diese Aufgaben in unserem Auftrag ausf\u00fchren, und sind verpflichtet, diese Daten in \u00dcbereinstimmung mit dieser Datenschutzrichtlinie und der LGPD zu sch\u00fctzen.<\/p>\n    \n    <h2>9. Privatsph\u00e4re der Kinder<\/h2>\n    <p>Unsere Website ist nicht f\u00fcr Kinder unter 18 Jahren bestimmt. Wir sammeln nicht wissentlich personenbezogene Daten von Kindern. Sollten wir feststellen, dass wir versehentlich personenbezogene Daten von einem Kind erfasst haben, werden wir Ma\u00dfnahmen ergreifen, um diese Daten unverz\u00fcglich zu l\u00f6schen.<\/p>\n    \n    <h2>10. Kontakt<\/h2>\n    <p>Wenn Sie Fragen zu dieser Cookie-Richtlinie haben, kontaktieren Sie uns bitte per E-Mail unter <a href=\"mailto:contato@artereciclada.com.br\">contato@artereciclada.com.br<\/a>.<\/p>\n    \n    <hr>\n    \n    <p class=\"last-updated\">Zuletzt aktualisiert: November 19, 2024<\/p>\n<\/div>\n\n\n\n<p><\/p>","protected":false},"excerpt":{"rendered":"<p>Welcome to Euro Art! This Cookie Policy describes how Euro Art (&#8220;we&#8221;, &#8220;our&#8221;, or &#8220;us&#8221;) uses cookies and similar technologies on the website euro.artereciclada.com.br (hereinafter referred to as the &#8220;Site&#8221;). We are committed to protecting your privacy and ensuring transparency about the use of cookies, in accordance with the General Data Protection Law (LGPD &#8211; [&hellip;]<\/p>","protected":false},"author":5,"featured_media":0,"parent":0,"menu_order":0,"comment_status":"closed","ping_status":"closed","template":"","meta":{"footnotes":""},"class_list":["post-30","page","type-page","status-publish","hentry"],"blocksy_meta":[],"_links":{"self":[{"href":"https:\/\/euro.artereciclada.com.br\/de\/wp-json\/wp\/v2\/pages\/30","targetHints":{"allow":["GET"]}}],"collection":[{"href":"https:\/\/euro.artereciclada.com.br\/de\/wp-json\/wp\/v2\/pages"}],"about":[{"href":"https:\/\/euro.artereciclada.com.br\/de\/wp-json\/wp\/v2\/types\/page"}],"author":[{"embeddable":true,"href":"https:\/\/euro.artereciclada.com.br\/de\/wp-json\/wp\/v2\/users\/5"}],"replies":[{"embeddable":true,"href":"https:\/\/euro.artereciclada.com.br\/de\/wp-json\/wp\/v2\/comments?post=30"}],"version-history":[{"count":1,"href":"https:\/\/euro.artereciclada.com.br\/de\/wp-json\/wp\/v2\/pages\/30\/revisions"}],"predecessor-version":[{"id":31,"href":"https:\/\/euro.artereciclada.com.br\/de\/wp-json\/wp\/v2\/pages\/30\/revisions\/31"}],"wp:attachment":[{"href":"https:\/\/euro.artereciclada.com.br\/de\/wp-json\/wp\/v2\/media?parent=30"}],"curies":[{"name":"wp","href":"https:\/\/api.w.org\/{rel}","templated":true}]}}