{"id":32,"date":"2025-01-31T08:17:17","date_gmt":"2025-01-31T14:17:17","guid":{"rendered":"https:\/\/euro.artereciclada.com.br\/?page_id=32"},"modified":"2025-01-31T08:17:19","modified_gmt":"2025-01-31T14:17:19","slug":"about-us","status":"publish","type":"page","link":"https:\/\/euro.artereciclada.com.br\/de\/about-us\/","title":{"rendered":"\u00dcber uns"},"content":{"rendered":"<p>Willkommen bei Euro Art!<\/p>\n\n\n\n<p>Wir von Euro Art glauben, dass die Sch\u00f6nheit in den kleinen Dingen und der Einfachheit des t\u00e4glichen Lebens liegt. Unsere Plattform entstand aus der Leidenschaft, die Welt der Kunst und der Nachhaltigkeit zu erforschen, und bietet Tipps und Inspirationen f\u00fcr jeden, der seine eigene kreative Essenz entdecken und sch\u00e4tzen m\u00f6chte.<\/p>\n\n\n\n<h3 class=\"wp-block-heading\">Unser Auftrag<\/h3>\n\n\n\n<p>Unser Ziel ist es, Wissen und Trends \u00fcber nachhaltige Kunst, Kreativit\u00e4t und Recycling zu vermitteln. Unser Ziel ist es, Menschen aller Altersgruppen zu st\u00e4rken und ihnen dabei zu helfen, durch umweltfreundliche k\u00fcnstlerische Praktiken Selbstvertrauen und Ausgeglichenheit zu finden, wobei wir stets Wert auf Nat\u00fcrlichkeit und Authentizit\u00e4t legen.<\/p>\n\n\n\n<h3 class=\"wp-block-heading\">Was wir tun<\/h3>\n\n\n\n<p>Hier bei Euro Art bieten wir vielf\u00e4ltige Inhalte, darunter DIY-Recycling-Kunstprojekte, nachhaltige Kunsttechniken, Neuigkeiten aus der Welt der \u00d6ko-Kunst und vieles mehr. Jeder Artikel ist so gestaltet, dass er n\u00fctzlich, praktisch und inspirierend ist und sich darauf konzentriert, Ihren einzigartigen k\u00fcnstlerischen Ausdruck zu verbessern und gleichzeitig die Umweltverantwortung zu f\u00f6rdern.<\/p>\n\n\n\n<h3 class=\"wp-block-heading\">Unsere Vision<\/h3>\n\n\n\n<p>Wir glauben, dass Kunst mehr ist als nur \u00c4sthetik - es geht darum, wie wir etwas schaffen, wie wir uns selbst wahrnehmen und wie wir uns mit der Welt um uns herum verbinden. Unsere Vision ist es, einen Raum zu schaffen, in dem K\u00fcnstler und umweltbewusste Menschen lernen, sich inspirieren lassen und sich sicherer f\u00fchlen k\u00f6nnen, den t\u00e4glichen Herausforderungen mit Kreativit\u00e4t und Nachhaltigkeit zu begegnen.<\/p>\n\n\n\n<h3 class=\"wp-block-heading\">Mitmachen<\/h3>\n\n\n\n<p>Wir laden Sie ein, unsere Plattform zu erkunden, neue nachhaltige Kunsttipps zu entdecken und die Einfachheit als einen Weg zum k\u00fcnstlerischen Ausdruck zu begreifen. Egal, ob Sie eine neue Recycling-Kunsttechnik erlernen, umweltfreundliche Produkte entdecken oder sich einfach nur inspirieren lassen m\u00f6chten, bei Euro Art sind Sie richtig.<\/p>\n\n\n\n<p>Entdecken Sie die Kunst der Nachhaltigkeit in der Einfachheit der Dinge!<\/p>\n\n\n\n<hr class=\"wp-block-separator has-alpha-channel-opacity\"\/>\n\n\n\n<p><strong>Kontaktinformationen<\/strong><\/p>\n\n\n\n<p>Wenn Sie Fragen haben oder sich mit uns in Verbindung setzen m\u00f6chten, k\u00f6nnen Sie uns unter folgender Adresse erreichen <a>contato@artereciclada.com.br<\/a>.<\/p>\n\n\n\n<p><strong>Zuletzt aktualisiert:<\/strong> 19. November 2024<\/p>","protected":false},"excerpt":{"rendered":"<p>Welcome to Euro Art! At Euro Art, we believe that beauty lies in the small things and the simplicity of everyday life. Our platform was born from a passion for exploring the world of art and sustainability, bringing tips and inspirations for everyone to discover and value their own creative essence. Our Mission Our mission [&hellip;]<\/p>","protected":false},"author":5,"featured_media":0,"parent":0,"menu_order":0,"comment_status":"closed","ping_status":"closed","template":"","meta":{"footnotes":""},"class_list":["post-32","page","type-page","status-publish","hentry"],"blocksy_meta":[],"_links":{"self":[{"href":"https:\/\/euro.artereciclada.com.br\/de\/wp-json\/wp\/v2\/pages\/32","targetHints":{"allow":["GET"]}}],"collection":[{"href":"https:\/\/euro.artereciclada.com.br\/de\/wp-json\/wp\/v2\/pages"}],"about":[{"href":"https:\/\/euro.artereciclada.com.br\/de\/wp-json\/wp\/v2\/types\/page"}],"author":[{"embeddable":true,"href":"https:\/\/euro.artereciclada.com.br\/de\/wp-json\/wp\/v2\/users\/5"}],"replies":[{"embeddable":true,"href":"https:\/\/euro.artereciclada.com.br\/de\/wp-json\/wp\/v2\/comments?post=32"}],"version-history":[{"count":1,"href":"https:\/\/euro.artereciclada.com.br\/de\/wp-json\/wp\/v2\/pages\/32\/revisions"}],"predecessor-version":[{"id":33,"href":"https:\/\/euro.artereciclada.com.br\/de\/wp-json\/wp\/v2\/pages\/32\/revisions\/33"}],"wp:attachment":[{"href":"https:\/\/euro.artereciclada.com.br\/de\/wp-json\/wp\/v2\/media?parent=32"}],"curies":[{"name":"wp","href":"https:\/\/api.w.org\/{rel}","templated":true}]}}