{"id":3,"date":"2025-01-24T01:50:31","date_gmt":"2025-01-24T04:50:31","guid":{"rendered":"https:\/\/euro.artereciclada.com.br\/?page_id=3"},"modified":"2025-02-05T14:22:18","modified_gmt":"2025-02-05T20:22:18","slug":"privacy-policy","status":"publish","type":"page","link":"https:\/\/euro.artereciclada.com.br\/es\/privacy-policy\/","title":{"rendered":"Pol\u00edtica de privacidad"},"content":{"rendered":"<p>Bienvenido a Euro Art Esta Pol\u00edtica de Privacidad describe c\u00f3mo Euro Art (\"nosotros\", \"nuestro\" o \"nos\") recoge, utiliza, almacena y protege la informaci\u00f3n personal de los usuarios (\"usted\" o \"su\") que acceden y utilizan el sitio web <a href=\"https:\/\/euro.artereciclada.com.br\/es\/\" data-type=\"link\" data-id=\"www.euro.artereciclada.com.br\">www.euro.artereciclada.com.br<\/a> (en adelante, el \"Sitio\"). Nos comprometemos a proteger su privacidad y a garantizar la seguridad de su informaci\u00f3n personal de conformidad con la Ley General de Protecci\u00f3n de Datos (LGPD - Ley n.\u00ba 13.709\/2018).<\/p>\n\n\n\n<h3 class=\"wp-block-heading\">1. Introducci\u00f3n<\/h3>\n\n\n\n<p>Su privacidad y la protecci\u00f3n de sus datos personales son de suma importancia para nosotros. Esta Pol\u00edtica de Privacidad explica c\u00f3mo recogemos, utilizamos, revelamos y protegemos su informaci\u00f3n cuando utiliza nuestro Sitio. Al acceder o utilizar nuestro Sitio, usted acepta la recogida y el uso de la informaci\u00f3n de acuerdo con esta pol\u00edtica.<\/p>\n\n\n\n<h3 class=\"wp-block-heading\">2. 2. Recogida de datos<\/h3>\n\n\n\n<h4 class=\"wp-block-heading\">2.1 Informaci\u00f3n que recopilamos<\/h4>\n\n\n\n<p>Recopilamos diversos tipos de informaci\u00f3n para prestarle y mejorar nuestros servicios:<\/p>\n\n\n\n<ul class=\"wp-block-list\">\n<li><strong>Informaci\u00f3n personal:<\/strong> Nombre, direcci\u00f3n de correo electr\u00f3nico, n\u00famero de tel\u00e9fono y otros datos que nos facilite voluntariamente al registrarse, realizar una compra o ponerse en contacto con nosotros.<\/li>\n\n\n\n<li><strong>Datos de uso:<\/strong> Informaci\u00f3n sobre c\u00f3mo accede y utiliza el Sitio, incluida la direcci\u00f3n IP, el tipo de navegador, las p\u00e1ginas visitadas, el tiempo de permanencia en las p\u00e1ginas y otras m\u00e9tricas de rendimiento.<\/li>\n\n\n\n<li><strong>Cookies y tecnolog\u00edas similares:<\/strong> Utilizamos cookies y otras tecnolog\u00edas de seguimiento para recopilar informaci\u00f3n sobre sus actividades de navegaci\u00f3n en el Sitio.<\/li>\n<\/ul>\n\n\n\n<h4 class=\"wp-block-heading\">2.2 M\u00e9todos de recogida<\/h4>\n\n\n\n<ul class=\"wp-block-list\">\n<li><strong>Directamente de usted:<\/strong> Recopilamos informaci\u00f3n que usted nos proporciona directamente al rellenar formularios, suscribirse a boletines, realizar compras o interactuar con nosotros de otras formas.<\/li>\n\n\n\n<li><strong>Autom\u00e1ticamente:<\/strong> Utilizamos tecnolog\u00edas como cookies, balizas web y registros de servidor para recopilar autom\u00e1ticamente informaci\u00f3n cuando usted visita el Sitio.<\/li>\n<\/ul>\n\n\n\n<h3 class=\"wp-block-heading\">3. Uso de los datos<\/h3>\n\n\n\n<p>Utilizamos la informaci\u00f3n recopilada para los siguientes fines:<\/p>\n\n\n\n<ul class=\"wp-block-list\">\n<li><strong>Prestar y mejorar servicios:<\/strong> Para operar, mantener y mejorar el Sitio, personalizar su experiencia y responder a sus solicitudes.<\/li>\n\n\n\n<li><strong>Comunicaciones:<\/strong> Para enviar actualizaciones, promociones, boletines y otras comunicaciones relacionadas con el Sitio y nuestros servicios, siempre que usted haya dado su consentimiento previo.<\/li>\n\n\n\n<li><strong>Marketing:<\/strong> Para analizar tendencias, administrar el sitio y recopilar informaci\u00f3n demogr\u00e1fica para uso interno.<\/li>\n\n\n\n<li><strong>Seguridad:<\/strong> Para proteger contra el fraude, el abuso y otras actividades ilegales o perjudiciales.<\/li>\n<\/ul>\n\n\n\n<h3 class=\"wp-block-heading\">4. 4. Intercambio de datos<\/h3>\n\n\n\n<h4 class=\"wp-block-heading\">4.1 Terceros de confianza<\/h4>\n\n\n\n<p>Podemos compartir su informaci\u00f3n con terceros de confianza que nos ayuden en el funcionamiento del Sitio y en la prestaci\u00f3n de servicios, siempre que estos terceros se comprometan a mantener la confidencialidad de la informaci\u00f3n y a utilizarla \u00fanicamente para los fines autorizados por nosotros.<\/p>\n\n\n\n<h4 class=\"wp-block-heading\">4.2 Obligaciones legales<\/h4>\n\n\n\n<p>Podemos revelar su informaci\u00f3n personal si as\u00ed lo exige la ley, la normativa o un proceso legal, o para proteger nuestros derechos, propiedad o seguridad, as\u00ed como los de nuestros usuarios y otros.<\/p>\n\n\n\n<h4 class=\"wp-block-heading\">4.3 Transferencias internacionales<\/h4>\n\n\n\n<p>Su informaci\u00f3n puede ser transferida y mantenida en servidores ubicados fuera de Brasil. Nos aseguraremos de que dichas transferencias se realicen de conformidad con la LGPD, garantizando niveles adecuados de protecci\u00f3n de datos.<\/p>\n\n\n\n<h3 class=\"wp-block-heading\">5. 5. Seguridad de los datos<\/h3>\n\n\n\n<p>Adoptamos las medidas de seguridad t\u00e9cnicas y organizativas adecuadas para proteger su informaci\u00f3n personal contra el acceso no autorizado, la alteraci\u00f3n, la divulgaci\u00f3n o la destrucci\u00f3n. Sin embargo, ninguna transmisi\u00f3n de datos por Internet o m\u00e9todo de almacenamiento electr\u00f3nico es 100% seguro. Por lo tanto, no podemos garantizar la seguridad absoluta de su informaci\u00f3n.<\/p>\n\n\n\n<h3 class=\"wp-block-heading\">6. Derechos de los usuarios en virtud de la LGPD<\/h3>\n\n\n\n<p>De acuerdo con la LGPD, usted tiene los siguientes derechos en relaci\u00f3n con sus datos personales:<\/p>\n\n\n\n<ul class=\"wp-block-list\">\n<li><strong>Acceso:<\/strong> Derecho a solicitar el acceso a sus datos personales que obran en nuestro poder.<\/li>\n\n\n\n<li><strong>Correcci\u00f3n:<\/strong> Derecho a solicitar la rectificaci\u00f3n de datos incompletos, inexactos u obsoletos.<\/li>\n\n\n\n<li><strong>Supresi\u00f3n:<\/strong> Derecho a solicitar la supresi\u00f3n de sus datos personales, siempre que no exista obligaci\u00f3n legal de conservarlos.<\/li>\n\n\n\n<li><strong>Portabilidad:<\/strong> Derecho a solicitar la transferencia de sus datos personales a otro proveedor de servicios o productos.<\/li>\n\n\n\n<li><strong>Revocaci\u00f3n del consentimiento:<\/strong> Derecho a revocar el consentimiento previamente otorgado para el tratamiento de sus datos personales.<\/li>\n<\/ul>\n\n\n\n<p>Para ejercer cualquiera de estos derechos, p\u00f3ngase en contacto con nosotros en <a><a href=\"https:\/\/euro.artereciclada.com.br\/es\/\" data-type=\"link\" data-id=\"www.euro.artereciclada.com.br\">contato@artereciclada.com.br<\/a><\/a>.<\/p>\n\n\n\n<h3 class=\"wp-block-heading\">7. 7. Pol\u00edtica de cookies<\/h3>\n\n\n\n<h4 class=\"wp-block-heading\">7.1 \u00bfQu\u00e9 son las cookies?<\/h4>\n\n\n\n<p>Las cookies son peque\u00f1os archivos de texto que se almacenan en su dispositivo cuando visita un sitio web. Se utilizan ampliamente para que los sitios web funcionen de forma m\u00e1s eficiente y para proporcionar informaci\u00f3n a los propietarios de los sitios.<\/p>\n\n\n\n<h4 class=\"wp-block-heading\">7.2 Tipos de cookies utilizadas<\/h4>\n\n\n\n<p>Utilizamos diferentes tipos de cookies para diversos fines:<\/p>\n\n\n\n<ul class=\"wp-block-list\">\n<li><strong>Cookies esenciales:<\/strong> Necesarias para el funcionamiento b\u00e1sico del Sitio. Estas cookies permiten la navegaci\u00f3n por el Sitio y el uso de sus funciones, como el acceso a zonas seguras. Sin estas cookies, algunos servicios ofrecidos en el Sitio no pueden prestarse.<\/li>\n\n\n\n<li><strong>Cookies de rendimiento:<\/strong> Recopilar informaci\u00f3n sobre c\u00f3mo utiliza el Sitio, como las p\u00e1ginas que visita con m\u00e1s frecuencia y si recibe mensajes de error de las p\u00e1ginas web. Estas cookies no recogen informaci\u00f3n que identifique a un visitante. Toda la informaci\u00f3n recogida por estas cookies es agregada y, por tanto, an\u00f3nima. Se utiliza \u00fanicamente para mejorar el funcionamiento del Sitio.<\/li>\n\n\n\n<li><strong>Cookies de funcionalidad:<\/strong> Permitir que el Sitio recuerde las elecciones que usted hace (como su nombre de usuario, idioma o la regi\u00f3n en la que se encuentra) y proporcionar funciones mejoradas y m\u00e1s personalizadas. Esta informaci\u00f3n puede utilizarse para recordar sus preferencias en futuras visitas al Sitio.<\/li>\n\n\n\n<li><strong>Cookies publicitarias:<\/strong> Se utilizan para ofrecer anuncios m\u00e1s relevantes para usted y sus intereses. Tambi\u00e9n se utilizan para limitar el n\u00famero de veces que ve un anuncio y para ayudar a medir la eficacia de las campa\u00f1as publicitarias.<\/li>\n<\/ul>\n\n\n\n<h4 class=\"wp-block-heading\">7.3 C\u00f3mo utilizamos las cookies<\/h4>\n\n\n\n<p>Utilizamos cookies para los siguientes fines:<\/p>\n\n\n\n<ul class=\"wp-block-list\">\n<li><strong>Autenticaci\u00f3n y seguridad:<\/strong> Para garantizarle un acceso seguro al Sitio y a sus funciones.<\/li>\n\n\n\n<li><strong>An\u00e1lisis y mejora:<\/strong> Comprender c\u00f3mo interact\u00faan los usuarios con el sitio para mejorar su usabilidad y contenido.<\/li>\n\n\n\n<li><strong>Personalizaci\u00f3n:<\/strong> Para adaptar el contenido y las ofertas a sus preferencias y comportamiento de navegaci\u00f3n.<\/li>\n\n\n\n<li><strong>Publicidad:<\/strong> Para mostrar anuncios relevantes y personalizados y medir la eficacia de las campa\u00f1as publicitarias.<\/li>\n<\/ul>\n\n\n\n<h4 class=\"wp-block-heading\">7.4 Gesti\u00f3n de las cookies<\/h4>\n\n\n\n<p>Puede gestionar y controlar el uso de cookies a trav\u00e9s de la configuraci\u00f3n de su navegador. La mayor\u00eda de los navegadores le permiten rechazar o aceptar cookies, bloquear las cookies de terceros o eliminar las cookies ya almacenadas. Sin embargo, desactivar las cookies esenciales puede afectar a la funcionalidad del Sitio y limitar su experiencia de navegaci\u00f3n.<\/p>\n\n\n\n<p>Para m\u00e1s informaci\u00f3n sobre c\u00f3mo gestionar las cookies, puede visitar <a href=\"https:\/\/www.aboutcookies.org\" target=\"_blank\" rel=\"noopener\">www.aboutcookies.org<\/a> o <a href=\"https:\/\/www.allaboutcookies.org\" target=\"_blank\" rel=\"noopener\">www.allaboutcookies.org<\/a>.<\/p>\n\n\n\n<h3 class=\"wp-block-heading\">8. Servicios de terceros<\/h3>\n\n\n\n<p>Podemos utilizar servicios de terceros para proporcionar funcionalidades adicionales al Sitio, como procesamiento de pagos, an\u00e1lisis de datos y alojamiento de contenidos. Estos terceros pueden tener acceso a su informaci\u00f3n personal \u00fanicamente para realizar estas tareas en nuestro nombre y est\u00e1n obligados a proteger dicha informaci\u00f3n de conformidad con la presente Pol\u00edtica de Privacidad y la LGPD.<\/p>\n\n\n\n<h3 class=\"wp-block-heading\">9. Privacidad infantil<\/h3>\n\n\n\n<p>Nuestro Sitio no est\u00e1 destinado a ni\u00f1os menores de 18 a\u00f1os. No recopilamos conscientemente informaci\u00f3n personal de ni\u00f1os. Si nos damos cuenta de que hemos recopilado inadvertidamente informaci\u00f3n personal de un ni\u00f1o, tomaremos medidas para eliminar dicha informaci\u00f3n inmediatamente.<\/p>\n\n\n\n<h3 class=\"wp-block-heading\">10. Cambios en la pol\u00edtica de privacidad<\/h3>\n\n\n\n<p>Podemos actualizar nuestra Pol\u00edtica de Privacidad de vez en cuando. Le notificaremos cualquier cambio publicando la nueva Pol\u00edtica de Privacidad en el Sitio. Le recomendamos que revise peri\u00f3dicamente esta Pol\u00edtica de Privacidad para mantenerse informado sobre c\u00f3mo protegemos su informaci\u00f3n.<\/p>\n\n\n\n<h3 class=\"wp-block-heading\">11. Contacto<\/h3>\n\n\n\n<p>Si tiene alguna pregunta sobre esta Pol\u00edtica de privacidad, p\u00f3ngase en contacto con nosotros en <a><a href=\"https:\/\/euro.artereciclada.com.br\/es\/\" data-type=\"link\" data-id=\"www.euro.artereciclada.com.br\">contato@artereciclada.com.br<\/a><\/a>.<\/p>\n\n\n\n<p><strong>\u00daltima actualizaci\u00f3n:<\/strong> 19 de noviembre de 2024<\/p>\n\n\n\n<p><\/p>","protected":false},"excerpt":{"rendered":"<p>Welcome to Euro Art! This Privacy Policy describes how Euro Art (&#8220;we&#8221;, &#8220;our&#8221;, or &#8220;us&#8221;) collects, uses, stores, and protects the personal information of users (&#8220;you&#8221; or &#8220;your&#8221;) who access and use the website www.euro.artereciclada.com.br (hereinafter referred to as the &#8220;Site&#8221;). We are committed to protecting your privacy and ensuring the security of your personal [&hellip;]<\/p>","protected":false},"author":1,"featured_media":0,"parent":0,"menu_order":0,"comment_status":"closed","ping_status":"open","template":"","meta":{"footnotes":""},"class_list":["post-3","page","type-page","status-publish","hentry"],"blocksy_meta":[],"_links":{"self":[{"href":"https:\/\/euro.artereciclada.com.br\/es\/wp-json\/wp\/v2\/pages\/3","targetHints":{"allow":["GET"]}}],"collection":[{"href":"https:\/\/euro.artereciclada.com.br\/es\/wp-json\/wp\/v2\/pages"}],"about":[{"href":"https:\/\/euro.artereciclada.com.br\/es\/wp-json\/wp\/v2\/types\/page"}],"author":[{"embeddable":true,"href":"https:\/\/euro.artereciclada.com.br\/es\/wp-json\/wp\/v2\/users\/1"}],"replies":[{"embeddable":true,"href":"https:\/\/euro.artereciclada.com.br\/es\/wp-json\/wp\/v2\/comments?post=3"}],"version-history":[{"count":1,"href":"https:\/\/euro.artereciclada.com.br\/es\/wp-json\/wp\/v2\/pages\/3\/revisions"}],"predecessor-version":[{"id":27,"href":"https:\/\/euro.artereciclada.com.br\/es\/wp-json\/wp\/v2\/pages\/3\/revisions\/27"}],"wp:attachment":[{"href":"https:\/\/euro.artereciclada.com.br\/es\/wp-json\/wp\/v2\/media?parent=3"}],"curies":[{"name":"wp","href":"https:\/\/api.w.org\/{rel}","templated":true}]}}