{"id":32,"date":"2025-01-31T08:17:17","date_gmt":"2025-01-31T14:17:17","guid":{"rendered":"https:\/\/euro.artereciclada.com.br\/?page_id=32"},"modified":"2025-01-31T08:17:19","modified_gmt":"2025-01-31T14:17:19","slug":"about-us","status":"publish","type":"page","link":"https:\/\/euro.artereciclada.com.br\/es\/about-us\/","title":{"rendered":"Qui\u00e9nes somos"},"content":{"rendered":"<p>\u00a1Bienvenido a Euro Art!<\/p>\n\n\n\n<p>En Euro Art creemos que la belleza reside en las peque\u00f1as cosas y en la sencillez de la vida cotidiana. Nuestra plataforma naci\u00f3 de la pasi\u00f3n por explorar el mundo del arte y la sostenibilidad, aportando consejos e inspiraciones para que todo el mundo descubra y valore su propia esencia creativa.<\/p>\n\n\n\n<h3 class=\"wp-block-heading\">Nuestra misi\u00f3n<\/h3>\n\n\n\n<p>Nuestra misi\u00f3n es compartir conocimientos y tendencias sobre arte sostenible, creatividad y reciclaje. Pretendemos empoderar a personas de todas las edades, ayud\u00e1ndoles a encontrar la confianza y el equilibrio a trav\u00e9s de pr\u00e1cticas art\u00edsticas ecol\u00f3gicas, valorando siempre la naturalidad y la autenticidad.<\/p>\n\n\n\n<h3 class=\"wp-block-heading\">Qu\u00e9 hacemos<\/h3>\n\n\n\n<p>En Euro Art ofrecemos contenidos variados que incluyen proyectos art\u00edsticos de reciclaje DIY, t\u00e9cnicas art\u00edsticas sostenibles, novedades en el mundo del arte ecol\u00f3gico y mucho m\u00e1s. Cada art\u00edculo est\u00e1 dise\u00f1ado para ser \u00fatil, pr\u00e1ctico e inspirador, centr\u00e1ndose en la mejora de su expresi\u00f3n art\u00edstica \u00fanica, mientras que la promoci\u00f3n de la responsabilidad ambiental.<\/p>\n\n\n\n<h3 class=\"wp-block-heading\">Nuestra visi\u00f3n<\/h3>\n\n\n\n<p>Creemos que el arte va m\u00e1s all\u00e1 de la est\u00e9tica: est\u00e1 en c\u00f3mo creamos, nos percibimos a nosotros mismos y conectamos con el mundo que nos rodea. Nuestra visi\u00f3n es crear un espacio donde artistas y personas concienciadas con el medio ambiente puedan aprender, inspirarse y sentirse m\u00e1s seguros para afrontar los retos cotidianos con creatividad y sostenibilidad.<\/p>\n\n\n\n<h3 class=\"wp-block-heading\">\u00danete a nosotros<\/h3>\n\n\n\n<p>Le invitamos a explorar nuestra plataforma, descubrir nuevos trucos de arte sostenible y abrazar la sencillez como v\u00eda de expresi\u00f3n art\u00edstica. Si quieres aprender una nueva t\u00e9cnica de reciclaje, descubrir productos ecol\u00f3gicos o simplemente inspirarte, Euro Art es tu sitio.<\/p>\n\n\n\n<p>\u00a1Descubra el arte de la sostenibilidad en la sencillez de las cosas!<\/p>\n\n\n\n<hr class=\"wp-block-separator has-alpha-channel-opacity\"\/>\n\n\n\n<p><strong>Informaci\u00f3n de contacto<\/strong><\/p>\n\n\n\n<p>Si tiene alguna pregunta o desea ponerse en contacto con nosotros, no dude en hacerlo en <a>contato@artereciclada.com.br<\/a>.<\/p>\n\n\n\n<p><strong>\u00daltima actualizaci\u00f3n:<\/strong> 19 de noviembre de 2024<\/p>","protected":false},"excerpt":{"rendered":"<p>\u00a1Bienvenido a Euro Art! En Euro Art creemos que la belleza reside en las peque\u00f1as cosas y en la sencillez de la vida cotidiana. Nuestra plataforma naci\u00f3 de la pasi\u00f3n por explorar el mundo del arte y la sostenibilidad, aportando consejos e inspiraci\u00f3n para que todos puedan descubrir y valorar su propia esencia creativa. Nuestra misi\u00f3n Nuestra misi\u00f3n [\u2026]<\/p>","protected":false},"author":5,"featured_media":0,"parent":0,"menu_order":0,"comment_status":"closed","ping_status":"closed","template":"","meta":{"footnotes":""},"class_list":["post-32","page","type-page","status-publish","hentry"],"blocksy_meta":[],"_links":{"self":[{"href":"https:\/\/euro.artereciclada.com.br\/es\/wp-json\/wp\/v2\/pages\/32","targetHints":{"allow":["GET"]}}],"collection":[{"href":"https:\/\/euro.artereciclada.com.br\/es\/wp-json\/wp\/v2\/pages"}],"about":[{"href":"https:\/\/euro.artereciclada.com.br\/es\/wp-json\/wp\/v2\/types\/page"}],"author":[{"embeddable":true,"href":"https:\/\/euro.artereciclada.com.br\/es\/wp-json\/wp\/v2\/users\/5"}],"replies":[{"embeddable":true,"href":"https:\/\/euro.artereciclada.com.br\/es\/wp-json\/wp\/v2\/comments?post=32"}],"version-history":[{"count":1,"href":"https:\/\/euro.artereciclada.com.br\/es\/wp-json\/wp\/v2\/pages\/32\/revisions"}],"predecessor-version":[{"id":33,"href":"https:\/\/euro.artereciclada.com.br\/es\/wp-json\/wp\/v2\/pages\/32\/revisions\/33"}],"wp:attachment":[{"href":"https:\/\/euro.artereciclada.com.br\/es\/wp-json\/wp\/v2\/media?parent=32"}],"curies":[{"name":"wp","href":"https:\/\/api.w.org\/{rel}","templated":true}]}}