{"id":28,"date":"2025-01-31T07:59:31","date_gmt":"2025-01-31T13:59:31","guid":{"rendered":"https:\/\/euro.artereciclada.com.br\/?page_id=28"},"modified":"2026-03-24T08:59:24","modified_gmt":"2026-03-24T13:59:24","slug":"contact-us","status":"publish","type":"page","link":"https:\/\/euro.artereciclada.com.br\/fr\/contact-us\/","title":{"rendered":"Nous contacter"},"content":{"rendered":"<p>Bonjour \ud83d\ude0a Vous souhaitez nous contacter ? Nous sommes l\u00e0 pour vous aider. Contactez-nous par l'interm\u00e9diaire de nos canaux :<\/p>\n\n\n\n<ul class=\"wp-block-list\">\n<li><strong>Courriel :<\/strong> <a href=\"mailto:contato@artereciclada.com.br\">mailto:contato@artereciclada.com.br<\/a><\/li>\n\n\n\n<li><strong>Heures d'ouverture :<\/strong> Du lundi au vendredi, de 8 heures \u00e0 17 heures.<\/li>\n<\/ul>\n\n\n\n<p>Envoyez-nous votre message et nous vous r\u00e9pondrons dans les plus brefs d\u00e9lais. Ensemble, nous pouvons faire la diff\u00e9rence dans le monde du recyclage ! \ud83c\udf0d\u267b\ufe0f<\/p>\n\n\n\n<p><\/p>","protected":false},"excerpt":{"rendered":"<p>Hello! \ud83d\ude0a Need to get in touch with us? We&#8217;re here to help. Contact us through our channels: Send us your message and we will respond as soon as possible. Together, we can make a difference in the recycling world! \ud83c\udf0d\u267b\ufe0f<\/p>","protected":false},"author":5,"featured_media":0,"parent":0,"menu_order":0,"comment_status":"closed","ping_status":"closed","template":"","meta":{"footnotes":""},"class_list":["post-28","page","type-page","status-publish","hentry"],"blocksy_meta":[],"_links":{"self":[{"href":"https:\/\/euro.artereciclada.com.br\/fr\/wp-json\/wp\/v2\/pages\/28","targetHints":{"allow":["GET"]}}],"collection":[{"href":"https:\/\/euro.artereciclada.com.br\/fr\/wp-json\/wp\/v2\/pages"}],"about":[{"href":"https:\/\/euro.artereciclada.com.br\/fr\/wp-json\/wp\/v2\/types\/page"}],"author":[{"embeddable":true,"href":"https:\/\/euro.artereciclada.com.br\/fr\/wp-json\/wp\/v2\/users\/5"}],"replies":[{"embeddable":true,"href":"https:\/\/euro.artereciclada.com.br\/fr\/wp-json\/wp\/v2\/comments?post=28"}],"version-history":[{"count":2,"href":"https:\/\/euro.artereciclada.com.br\/fr\/wp-json\/wp\/v2\/pages\/28\/revisions"}],"predecessor-version":[{"id":757,"href":"https:\/\/euro.artereciclada.com.br\/fr\/wp-json\/wp\/v2\/pages\/28\/revisions\/757"}],"wp:attachment":[{"href":"https:\/\/euro.artereciclada.com.br\/fr\/wp-json\/wp\/v2\/media?parent=28"}],"curies":[{"name":"wp","href":"https:\/\/api.w.org\/{rel}","templated":true}]}}