{"id":3,"date":"2025-01-24T01:50:31","date_gmt":"2025-01-24T04:50:31","guid":{"rendered":"https:\/\/euro.artereciclada.com.br\/?page_id=3"},"modified":"2025-02-05T14:22:18","modified_gmt":"2025-02-05T20:22:18","slug":"privacy-policy","status":"publish","type":"page","link":"https:\/\/euro.artereciclada.com.br\/fr\/privacy-policy\/","title":{"rendered":"Politique de confidentialit\u00e9"},"content":{"rendered":"<p>Bienvenue sur le site d'Euro Art ! Cette politique de confidentialit\u00e9 d\u00e9crit comment Euro Art (\"nous\", \"notre\" ou \"nos\") recueille, utilise, stocke et prot\u00e8ge les informations personnelles des utilisateurs (\"vous\" ou \"votre\") qui acc\u00e8dent au site web et l'utilisent. <a href=\"https:\/\/euro.artereciclada.com.br\/fr\/\" data-type=\"link\" data-id=\"www.euro.artereciclada.com.br\">www.euro.artereciclada.com.br<\/a> (ci-apr\u00e8s d\u00e9nomm\u00e9 le \"Site\"). Nous nous engageons \u00e0 prot\u00e9ger votre vie priv\u00e9e et \u00e0 assurer la s\u00e9curit\u00e9 de vos informations personnelles conform\u00e9ment \u00e0 la loi g\u00e9n\u00e9rale sur la protection des donn\u00e9es (LGPD - loi n\u00b0 13.709\/2018).<\/p>\n\n\n\n<h3 class=\"wp-block-heading\">1. Introduction<\/h3>\n\n\n\n<p>Votre vie priv\u00e9e et la protection de vos donn\u00e9es personnelles sont de la plus haute importance pour nous. La pr\u00e9sente politique de confidentialit\u00e9 explique comment nous collectons, utilisons, divulguons et prot\u00e9geons vos informations lorsque vous utilisez notre site. En acc\u00e9dant \u00e0 notre site ou en l'utilisant, vous acceptez la collecte et l'utilisation d'informations conform\u00e9ment \u00e0 cette politique.<\/p>\n\n\n\n<h3 class=\"wp-block-heading\">2. Collecte des donn\u00e9es<\/h3>\n\n\n\n<h4 class=\"wp-block-heading\">2.1 Informations collect\u00e9es<\/h4>\n\n\n\n<p>Nous recueillons diff\u00e9rents types d'informations afin de vous fournir et d'am\u00e9liorer nos services :<\/p>\n\n\n\n<ul class=\"wp-block-list\">\n<li><strong>Informations personnelles :<\/strong> Nom, adresse \u00e9lectronique, num\u00e9ro de t\u00e9l\u00e9phone et autres informations que vous fournissez volontairement lorsque vous vous inscrivez, effectuez un achat ou nous contactez.<\/li>\n\n\n\n<li><strong>Donn\u00e9es d'utilisation :<\/strong> Informations sur la mani\u00e8re dont vous acc\u00e9dez au site et l'utilisez, y compris l'adresse IP, le type de navigateur, les pages visit\u00e9es, le temps pass\u00e9 sur les pages et d'autres mesures de performance.<\/li>\n\n\n\n<li><strong>Cookies et technologies similaires :<\/strong> Nous utilisons des cookies et d'autres technologies de suivi pour collecter des informations sur vos activit\u00e9s de navigation sur le site.<\/li>\n<\/ul>\n\n\n\n<h4 class=\"wp-block-heading\">2.2 M\u00e9thodes de collecte<\/h4>\n\n\n\n<ul class=\"wp-block-list\">\n<li><strong>Directement de vous :<\/strong> Nous recueillons les informations que vous nous fournissez directement en remplissant des formulaires, en vous abonnant \u00e0 des bulletins d'information, en effectuant des achats ou en interagissant avec nous de toute autre mani\u00e8re.<\/li>\n\n\n\n<li><strong>Automatiquement :<\/strong> Nous utilisons des technologies telles que les cookies, les balises web et les journaux de serveur pour collecter automatiquement des informations lorsque vous visitez le site.<\/li>\n<\/ul>\n\n\n\n<h3 class=\"wp-block-heading\">3. Utilisation des donn\u00e9es<\/h3>\n\n\n\n<p>Nous utilisons les informations collect\u00e9es aux fins suivantes :<\/p>\n\n\n\n<ul class=\"wp-block-list\">\n<li><strong>Fournir et am\u00e9liorer les services :<\/strong> Pour exploiter, maintenir et am\u00e9liorer le site, personnaliser votre exp\u00e9rience et r\u00e9pondre \u00e0 vos demandes.<\/li>\n\n\n\n<li><strong>Communications :<\/strong> pour envoyer des mises \u00e0 jour, des promotions, des bulletins d'information et d'autres communications relatives au site et \u00e0 nos services, \u00e0 condition que vous ayez donn\u00e9 votre accord pr\u00e9alable.<\/li>\n\n\n\n<li><strong>Marketing :<\/strong> Analyser les tendances, administrer le site et collecter des informations d\u00e9mographiques \u00e0 des fins internes.<\/li>\n\n\n\n<li><strong>La s\u00e9curit\u00e9 :<\/strong> Prot\u00e9ger contre la fraude, les abus et autres activit\u00e9s ill\u00e9gales ou nuisibles.<\/li>\n<\/ul>\n\n\n\n<h3 class=\"wp-block-heading\">4. Partage des donn\u00e9es<\/h3>\n\n\n\n<h4 class=\"wp-block-heading\">4.1 Tiers de confiance<\/h4>\n\n\n\n<p>Nous pouvons partager vos informations avec des tiers de confiance qui nous aident \u00e0 exploiter le site et \u00e0 fournir des services, \u00e0 condition que ces tiers acceptent de garder les informations confidentielles et de ne les utiliser qu'aux fins autoris\u00e9es par nous.<\/p>\n\n\n\n<h4 class=\"wp-block-heading\">4.2 Obligations l\u00e9gales<\/h4>\n\n\n\n<p>Nous pouvons divulguer vos informations personnelles si la loi, la r\u00e9glementation ou une proc\u00e9dure judiciaire l'exige, ou pour prot\u00e9ger nos droits, notre propri\u00e9t\u00e9 ou notre s\u00e9curit\u00e9, ainsi que ceux de nos utilisateurs et d'autres personnes.<\/p>\n\n\n\n<h4 class=\"wp-block-heading\">4.3 Transferts internationaux<\/h4>\n\n\n\n<p>Vos informations peuvent \u00eatre transf\u00e9r\u00e9es et conserv\u00e9es sur des serveurs situ\u00e9s en dehors du Br\u00e9sil. Nous veillerons \u00e0 ce que ces transferts soient effectu\u00e9s conform\u00e9ment \u00e0 la LGPD, afin de garantir des niveaux ad\u00e9quats de protection des donn\u00e9es.<\/p>\n\n\n\n<h3 class=\"wp-block-heading\">5. S\u00e9curit\u00e9 des donn\u00e9es<\/h3>\n\n\n\n<p>Nous adoptons des mesures de s\u00e9curit\u00e9 techniques et organisationnelles appropri\u00e9es pour prot\u00e9ger vos informations personnelles contre l'acc\u00e8s non autoris\u00e9, l'alt\u00e9ration, la divulgation ou la destruction. Toutefois, aucune transmission de donn\u00e9es sur l'internet ou m\u00e9thode de stockage \u00e9lectronique n'est 100% s\u00fbre. Par cons\u00e9quent, nous ne pouvons pas garantir la s\u00e9curit\u00e9 absolue de vos informations.<\/p>\n\n\n\n<h3 class=\"wp-block-heading\">6. Droits des utilisateurs dans le cadre de la LGPD<\/h3>\n\n\n\n<p>Conform\u00e9ment \u00e0 la LGPD, vous disposez des droits suivants en ce qui concerne vos donn\u00e9es personnelles :<\/p>\n\n\n\n<ul class=\"wp-block-list\">\n<li><strong>Acc\u00e8s :<\/strong> Le droit de demander l'acc\u00e8s aux donn\u00e9es personnelles que nous d\u00e9tenons.<\/li>\n\n\n\n<li><strong>Correction :<\/strong> Le droit de demander la correction de donn\u00e9es incompl\u00e8tes, inexactes ou p\u00e9rim\u00e9es.<\/li>\n\n\n\n<li><strong>Suppression :<\/strong> Le droit de demander la suppression de vos donn\u00e9es personnelles, \u00e0 condition qu'il n'y ait pas d'obligation l\u00e9gale de les conserver.<\/li>\n\n\n\n<li><strong>Portabilit\u00e9 :<\/strong> Le droit de demander le transfert de vos donn\u00e9es personnelles \u00e0 un autre fournisseur de services ou de produits.<\/li>\n\n\n\n<li><strong>R\u00e9vocation du consentement :<\/strong> Le droit de r\u00e9voquer un consentement donn\u00e9 ant\u00e9rieurement pour le traitement de vos donn\u00e9es personnelles.<\/li>\n<\/ul>\n\n\n\n<p>Pour exercer l'un de ces droits, veuillez nous contacter \u00e0 l'adresse suivante <a><a href=\"https:\/\/euro.artereciclada.com.br\/fr\/\" data-type=\"link\" data-id=\"www.euro.artereciclada.com.br\">contato@artereciclada.com.br<\/a><\/a>.<\/p>\n\n\n\n<h3 class=\"wp-block-heading\">7. Politique en mati\u00e8re de cookies<\/h3>\n\n\n\n<h4 class=\"wp-block-heading\">7.1 Qu'est-ce qu'un cookie ?<\/h4>\n\n\n\n<p>Les cookies sont de petits fichiers texte stock\u00e9s sur votre appareil lorsque vous visitez un site web. Ils sont largement utilis\u00e9s pour am\u00e9liorer le fonctionnement des sites web et fournir des informations \u00e0 leurs propri\u00e9taires.<\/p>\n\n\n\n<h4 class=\"wp-block-heading\">7.2 Types de cookies utilis\u00e9s<\/h4>\n\n\n\n<p>Nous utilisons diff\u00e9rents types de cookies \u00e0 des fins diverses :<\/p>\n\n\n\n<ul class=\"wp-block-list\">\n<li><strong>Cookies essentiels :<\/strong> N\u00e9cessaires au fonctionnement de base du site. Ces cookies permettent de naviguer sur le site et d'utiliser ses fonctionnalit\u00e9s, telles que l'acc\u00e8s aux zones s\u00e9curis\u00e9es. Sans ces cookies, certains services offerts sur le site ne peuvent \u00eatre fournis.<\/li>\n\n\n\n<li><strong>Cookies de performance :<\/strong> recueillir des informations sur la mani\u00e8re dont vous utilisez le site, telles que les pages que vous visitez le plus souvent et si vous recevez des messages d'erreur des pages web. Ces cookies ne recueillent pas d'informations permettant d'identifier un visiteur. Toutes les informations collect\u00e9es par ces cookies sont agr\u00e9g\u00e9es et donc anonymes. Elles sont utilis\u00e9es uniquement pour am\u00e9liorer le fonctionnement du site.<\/li>\n\n\n\n<li><strong>Cookies de fonctionnalit\u00e9 :<\/strong> Permettre au site de se souvenir des choix que vous faites (tels que votre nom d'utilisateur, votre langue ou la r\u00e9gion dans laquelle vous vous trouvez) et de fournir des fonctionnalit\u00e9s am\u00e9lior\u00e9es et plus personnalis\u00e9es. Ces informations peuvent \u00eatre utilis\u00e9es pour m\u00e9moriser vos pr\u00e9f\u00e9rences lors de vos prochaines visites sur le site.<\/li>\n\n\n\n<li><strong>Cookies publicitaires :<\/strong> Elles sont utilis\u00e9es pour diffuser des publicit\u00e9s plus pertinentes pour vous et vos centres d'int\u00e9r\u00eat. Ils sont \u00e9galement utilis\u00e9s pour limiter le nombre de fois que vous voyez une publicit\u00e9 et pour aider \u00e0 mesurer l'efficacit\u00e9 des campagnes publicitaires.<\/li>\n<\/ul>\n\n\n\n<h4 class=\"wp-block-heading\">7.3 Utilisation des cookies<\/h4>\n\n\n\n<p>Nous utilisons des cookies aux fins suivantes :<\/p>\n\n\n\n<ul class=\"wp-block-list\">\n<li><strong>Authentification et s\u00e9curit\u00e9 :<\/strong> Pour garantir un acc\u00e8s s\u00e9curis\u00e9 au site et \u00e0 ses fonctionnalit\u00e9s.<\/li>\n\n\n\n<li><strong>Analyse et am\u00e9lioration :<\/strong> Comprendre comment les utilisateurs interagissent avec le site afin d'en am\u00e9liorer la convivialit\u00e9 et le contenu.<\/li>\n\n\n\n<li><strong>Personnalisation :<\/strong> Pour adapter le contenu et les offres en fonction de vos pr\u00e9f\u00e9rences et de votre comportement de navigation.<\/li>\n\n\n\n<li><strong>La publicit\u00e9 :<\/strong> Pour afficher des publicit\u00e9s pertinentes et personnalis\u00e9es et pour mesurer l'efficacit\u00e9 des campagnes publicitaires.<\/li>\n<\/ul>\n\n\n\n<h4 class=\"wp-block-heading\">7.4 Gestion des cookies<\/h4>\n\n\n\n<p>Vous pouvez g\u00e9rer et contr\u00f4ler l'utilisation des cookies par le biais des param\u00e8tres de votre navigateur. La plupart des navigateurs vous permettent de refuser ou d'accepter les cookies, de bloquer les cookies de tiers ou de supprimer les cookies d\u00e9j\u00e0 stock\u00e9s. Cependant, la d\u00e9sactivation des cookies essentiels peut affecter la fonctionnalit\u00e9 du site et limiter votre exp\u00e9rience de navigation.<\/p>\n\n\n\n<p>Pour plus d'informations sur la gestion des cookies, vous pouvez consulter les sites suivants <a href=\"https:\/\/www.aboutcookies.org\" target=\"_blank\" rel=\"noopener\">www.aboutcookies.org<\/a> ou <a href=\"https:\/\/www.allaboutcookies.org\" target=\"_blank\" rel=\"noopener\">www.allaboutcookies.org<\/a>.<\/p>\n\n\n\n<h3 class=\"wp-block-heading\">8. Services de tiers<\/h3>\n\n\n\n<p>Nous pouvons faire appel \u00e0 des services tiers pour fournir des fonctionnalit\u00e9s suppl\u00e9mentaires au site, telles que le traitement des paiements, l'analyse des donn\u00e9es et l'h\u00e9bergement du contenu. Ces tiers peuvent avoir acc\u00e8s \u00e0 vos informations personnelles uniquement pour effectuer ces t\u00e2ches en notre nom et sont tenus de prot\u00e9ger ces informations conform\u00e9ment \u00e0 la pr\u00e9sente politique de confidentialit\u00e9 et \u00e0 la LGPD.<\/p>\n\n\n\n<h3 class=\"wp-block-heading\">9. Vie priv\u00e9e des enfants<\/h3>\n\n\n\n<p>Notre site n'est pas destin\u00e9 aux enfants de moins de 18 ans. Nous ne recueillons pas sciemment d'informations personnelles aupr\u00e8s d'enfants. Si nous apprenons que nous avons recueilli par inadvertance des informations personnelles aupr\u00e8s d'un enfant, nous prendrons des mesures pour supprimer imm\u00e9diatement ces informations.<\/p>\n\n\n\n<h3 class=\"wp-block-heading\">10. Modifications de la politique de confidentialit\u00e9<\/h3>\n\n\n\n<p>Nous pouvons mettre \u00e0 jour notre politique de confidentialit\u00e9 de temps \u00e0 autre. Nous vous informerons de toute modification en publiant la nouvelle politique de confidentialit\u00e9 sur le site. Nous vous recommandons de consulter r\u00e9guli\u00e8rement cette politique de confidentialit\u00e9 afin de rester inform\u00e9 de la mani\u00e8re dont nous prot\u00e9geons vos informations.<\/p>\n\n\n\n<h3 class=\"wp-block-heading\">11. Contact<\/h3>\n\n\n\n<p>Si vous avez des questions concernant la pr\u00e9sente politique de confidentialit\u00e9, veuillez nous contacter \u00e0 l'adresse suivante <a><a href=\"https:\/\/euro.artereciclada.com.br\/fr\/\" data-type=\"link\" data-id=\"www.euro.artereciclada.com.br\">contato@artereciclada.com.br<\/a><\/a>.<\/p>\n\n\n\n<p><strong>Derni\u00e8re mise \u00e0 jour :<\/strong> 19 novembre 2024<\/p>\n\n\n\n<p><\/p>","protected":false},"excerpt":{"rendered":"<p>Welcome to Euro Art! This Privacy Policy describes how Euro Art (&#8220;we&#8221;, &#8220;our&#8221;, or &#8220;us&#8221;) collects, uses, stores, and protects the personal information of users (&#8220;you&#8221; or &#8220;your&#8221;) who access and use the website www.euro.artereciclada.com.br (hereinafter referred to as the &#8220;Site&#8221;). We are committed to protecting your privacy and ensuring the security of your personal [&hellip;]<\/p>","protected":false},"author":1,"featured_media":0,"parent":0,"menu_order":0,"comment_status":"closed","ping_status":"open","template":"","meta":{"footnotes":""},"class_list":["post-3","page","type-page","status-publish","hentry"],"blocksy_meta":[],"_links":{"self":[{"href":"https:\/\/euro.artereciclada.com.br\/fr\/wp-json\/wp\/v2\/pages\/3","targetHints":{"allow":["GET"]}}],"collection":[{"href":"https:\/\/euro.artereciclada.com.br\/fr\/wp-json\/wp\/v2\/pages"}],"about":[{"href":"https:\/\/euro.artereciclada.com.br\/fr\/wp-json\/wp\/v2\/types\/page"}],"author":[{"embeddable":true,"href":"https:\/\/euro.artereciclada.com.br\/fr\/wp-json\/wp\/v2\/users\/1"}],"replies":[{"embeddable":true,"href":"https:\/\/euro.artereciclada.com.br\/fr\/wp-json\/wp\/v2\/comments?post=3"}],"version-history":[{"count":1,"href":"https:\/\/euro.artereciclada.com.br\/fr\/wp-json\/wp\/v2\/pages\/3\/revisions"}],"predecessor-version":[{"id":27,"href":"https:\/\/euro.artereciclada.com.br\/fr\/wp-json\/wp\/v2\/pages\/3\/revisions\/27"}],"wp:attachment":[{"href":"https:\/\/euro.artereciclada.com.br\/fr\/wp-json\/wp\/v2\/media?parent=3"}],"curies":[{"name":"wp","href":"https:\/\/api.w.org\/{rel}","templated":true}]}}