{"id":32,"date":"2025-01-31T08:17:17","date_gmt":"2025-01-31T14:17:17","guid":{"rendered":"https:\/\/euro.artereciclada.com.br\/?page_id=32"},"modified":"2025-01-31T08:17:19","modified_gmt":"2025-01-31T14:17:19","slug":"about-us","status":"publish","type":"page","link":"https:\/\/euro.artereciclada.com.br\/fr\/about-us\/","title":{"rendered":"\u00c0 propos de nous"},"content":{"rendered":"<p>Bienvenue \u00e0 Euro Art !<\/p>\n\n\n\n<p>Chez Euro Art, nous croyons que la beaut\u00e9 r\u00e9side dans les petites choses et la simplicit\u00e9 de la vie quotidienne. Notre plateforme est n\u00e9e d'une passion pour l'exploration du monde de l'art et de la durabilit\u00e9, en apportant des conseils et des inspirations pour que chacun d\u00e9couvre et valorise sa propre essence cr\u00e9ative.<\/p>\n\n\n\n<h3 class=\"wp-block-heading\">Notre mission<\/h3>\n\n\n\n<p>Notre mission est de partager les connaissances et les tendances en mati\u00e8re d'art durable, de cr\u00e9ativit\u00e9 et de recyclage. Nous visons \u00e0 responsabiliser les individus de tous \u00e2ges, en les aidant \u00e0 trouver confiance et \u00e9quilibre gr\u00e2ce \u00e0 des pratiques artistiques respectueuses de l'environnement, en valorisant toujours le naturel et l'authenticit\u00e9.<\/p>\n\n\n\n<h3 class=\"wp-block-heading\">Ce que nous faisons<\/h3>\n\n\n\n<p>Ici, \u00e0 Euro Art, nous offrons un contenu vari\u00e9 qui comprend des projets artistiques de recyclage DIY, des techniques artistiques durables, des mises \u00e0 jour dans le monde de l'\u00e9co-art, et bien plus encore. Chaque article est con\u00e7u pour \u00eatre utile, pratique et inspirant, et se concentre sur l'am\u00e9lioration de votre expression artistique unique tout en promouvant la responsabilit\u00e9 environnementale.<\/p>\n\n\n\n<h3 class=\"wp-block-heading\">Notre vision<\/h3>\n\n\n\n<p>Nous pensons que l'art va au-del\u00e0 de l'esth\u00e9tique - il s'agit de la mani\u00e8re dont nous cr\u00e9ons, dont nous nous percevons et dont nous nous connectons avec le monde qui nous entoure. Notre vision est de cr\u00e9er un espace o\u00f9 les artistes et les personnes soucieuses de l'environnement peuvent apprendre, s'inspirer et se sentir plus confiants pour faire face aux d\u00e9fis quotidiens avec cr\u00e9ativit\u00e9 et durabilit\u00e9.<\/p>\n\n\n\n<h3 class=\"wp-block-heading\">Rejoignez-nous<\/h3>\n\n\n\n<p>Nous vous invitons \u00e0 explorer notre plateforme, \u00e0 d\u00e9couvrir de nouvelles astuces artistiques durables et \u00e0 adopter la simplicit\u00e9 comme moyen d'expression artistique. Que vous souhaitiez apprendre une nouvelle technique artistique de recyclage, d\u00e9couvrir des produits respectueux de l'environnement ou simplement vous inspirer, Euro Art est le site qu'il vous faut.<\/p>\n\n\n\n<p>D\u00e9couvrez l'art de la durabilit\u00e9 dans la simplicit\u00e9 des choses !<\/p>\n\n\n\n<hr class=\"wp-block-separator has-alpha-channel-opacity\"\/>\n\n\n\n<p><strong>Informations sur le contact<\/strong><\/p>\n\n\n\n<p>Si vous avez des questions ou si vous souhaitez prendre contact avec nous, n'h\u00e9sitez pas \u00e0 nous contacter \u00e0 l'adresse suivante <a>contato@artereciclada.com.br<\/a>.<\/p>\n\n\n\n<p><strong>Derni\u00e8re mise \u00e0 jour :<\/strong> 19 novembre 2024<\/p>","protected":false},"excerpt":{"rendered":"<p>Welcome to Euro Art! At Euro Art, we believe that beauty lies in the small things and the simplicity of everyday life. Our platform was born from a passion for exploring the world of art and sustainability, bringing tips and inspirations for everyone to discover and value their own creative essence. Our Mission Our mission [&hellip;]<\/p>","protected":false},"author":5,"featured_media":0,"parent":0,"menu_order":0,"comment_status":"closed","ping_status":"closed","template":"","meta":{"footnotes":""},"class_list":["post-32","page","type-page","status-publish","hentry"],"blocksy_meta":[],"_links":{"self":[{"href":"https:\/\/euro.artereciclada.com.br\/fr\/wp-json\/wp\/v2\/pages\/32","targetHints":{"allow":["GET"]}}],"collection":[{"href":"https:\/\/euro.artereciclada.com.br\/fr\/wp-json\/wp\/v2\/pages"}],"about":[{"href":"https:\/\/euro.artereciclada.com.br\/fr\/wp-json\/wp\/v2\/types\/page"}],"author":[{"embeddable":true,"href":"https:\/\/euro.artereciclada.com.br\/fr\/wp-json\/wp\/v2\/users\/5"}],"replies":[{"embeddable":true,"href":"https:\/\/euro.artereciclada.com.br\/fr\/wp-json\/wp\/v2\/comments?post=32"}],"version-history":[{"count":1,"href":"https:\/\/euro.artereciclada.com.br\/fr\/wp-json\/wp\/v2\/pages\/32\/revisions"}],"predecessor-version":[{"id":33,"href":"https:\/\/euro.artereciclada.com.br\/fr\/wp-json\/wp\/v2\/pages\/32\/revisions\/33"}],"wp:attachment":[{"href":"https:\/\/euro.artereciclada.com.br\/fr\/wp-json\/wp\/v2\/media?parent=32"}],"curies":[{"name":"wp","href":"https:\/\/api.w.org\/{rel}","templated":true}]}}